{"id":5,"date":"2020-02-04T13:16:22","date_gmt":"2020-02-04T13:16:22","guid":{"rendered":"https:\/\/cocahis.irb.hr\/?page_id=5"},"modified":"2021-01-20T14:01:28","modified_gmt":"2021-01-20T13:01:28","slug":"home","status":"publish","type":"page","link":"https:\/\/cocahis.irb.hr\/","title":{"rendered":"Home"},"content":{"rendered":"\n<p>Welcome to Colon Cancer Histopathological (<strong>CoCaHis<\/strong>) Dataset website. Following guides, code, and files are supplementary materials to the research paper &#8220;A Dataset and a Methodology for Intraoperative Computer-Aided Diagnosis of a Metastatic Colon Cancer in a Liver&#8221;. The paper can be accessed at <a rel=\"noreferrer noopener\" href=\"https:\/\/authors.elsevier.com\/c\/1cRLC6DBR2-DAz\" target=\"_blank\">https:\/\/authors.elsevier.com\/c\/1cRLC6DBR2-DAz<\/a> .<\/p>\n\n\n\n<p>If you are using  this paper or dataset for your research, please cite the following:<br><br>D. Sitnik, G. Aralica, M. Had\u017eija, M. Popovi\u0107 Had\u017eija, A. Pa\u010di\u0107, M. Milkovi\u0107 Peri\u0161a, L. Manojlovi\u0107, K. Krstanac, A. Plaveti\u0107, I. Kopriva, &#8220;A Dataset and a Methodology for Intraoperative Computer-Aided Diagnosis of a Metastatic Colon Cancer in a Liver,&#8221; <em>Biomedical Signal Processing and Control<\/em>, vol. 66, April 2021, article no. 102402.\u00a0\u00a0 <a rel=\"noreferrer noopener\" href=\"https:\/\/doi.org\/10.1016\/j.bspc.2020.102402\" target=\"_blank\">https:\/\/doi.org\/10.1016\/j.bspc.2020.102402<\/a><br><br>BibTeX:<\/p>\n\n\n\n<pre class=\"wp-block-preformatted\">@article{Sitnik2021cocahis,\n title = \"A dataset and a methodology for intraoperative computer-aided diagnosis of a metastatic colon cancer in a liver\",\n journal = \"Biomedical Signal Processing and Control\",\n volume = \"66\",\n pages = \"102402\",\n year = \"2021\",\n issn = \"1746-8094\",\n doi = \"https:\/\/doi.org\/10.1016\/j.bspc.2020.102402\",\n url = \"http:\/\/www.sciencedirect.com\/science\/article\/pii\/S1746809420305085\",\n author = \"Dario Sitnik and Gorana Aralica and Mirko Had\u017eija and Marijana Popovi\u0107 Had\u017eija and Arijana Pa\u010di\u0107 and Marija Milkovi\u0107 Peri\u0161a and Luka Manojlovi\u0107 and Karolina Krstanac and Andrija Plaveti\u0107 and Ivica Kopriva\"\n}<\/pre>\n\n\n\n<p>To download the COCaHis dataset, please click <strong><a href=\"http:\/\/cocahis.irb.hr\/wp-content\/uploads\/2020\/12\/CoCaHis.hdf5\" data-type=\"URL\" data-id=\"http:\/\/cocahis.irb.hr\/wp-content\/uploads\/2020\/12\/CoCaHis.hdf5\">HERE<\/a><\/strong>. Checksum:<br>MD5: 08fb7f767824de2aed8dd174d4b15ed7<br><br>The complete HDF5 dataset structure can be downloaded <strong><a href=\"http:\/\/cocahis.irb.hr\/wp-content\/uploads\/2020\/12\/cocahis_structure.txt\" data-type=\"URL\" data-id=\"cocahis.irb.hr\/wp-content\/uploads\/2020\/12\/cocahis_structure.txt\">HERE<\/a><\/strong>. Checksum:<br>MD5: f57b606c724e2ee8c56bd2452e87a01b<br><\/p>\n\n\n\n<p>Click on the following buttons to access a quick python tutorial for loading the database and visualizations for a sample image. Dependencies are h5py and matplotlib packages. <\/p>\n\n\n\n<div class=\"wp-container-1 wp-block-buttons\">\n<div class=\"wp-block-button\"><a class=\"wp-block-button__link\" href=\"http:\/\/cocahis.irb.hr\/cocahis_visualization.html\" target=\"_blank\" rel=\"noreferrer noopener\">See the Tutorial<\/a><\/div>\n\n\n\n<div class=\"wp-block-button\"><a class=\"wp-block-button__link\" href=\"http:\/\/cocahis.irb.hr\/wp-content\/uploads\/2020\/12\/cocahis_visualization.ipynb\" target=\"_blank\" rel=\"noreferrer noopener\">Download Jupyter Notebook<\/a><\/div>\n<\/div>\n\n\n\n<p><\/p>\n","protected":false},"excerpt":{"rendered":"<p>Welcome to Colon Cancer Histopathological (CoCaHis) Dataset website. Following guides, code, and files are supplementary materials to the research paper &#8220;A Dataset and a Methodology for Intraoperative Computer-Aided Diagnosis of a Metastatic Colon Cancer in a Liver&#8221;. The paper can be accessed at https:\/\/authors.elsevier.com\/c\/1cRLC6DBR2-DAz . If you are using this paper or dataset for your &hellip; <\/p>\n<p class=\"link-more\"><a href=\"https:\/\/cocahis.irb.hr\/\" class=\"more-link\">Continue reading<span class=\"screen-reader-text\"> &#8220;Home&#8221;<\/span><\/a><\/p>\n","protected":false},"author":1,"featured_media":0,"parent":0,"menu_order":0,"comment_status":"closed","ping_status":"closed","template":"","meta":[],"_links":{"self":[{"href":"https:\/\/cocahis.irb.hr\/index.php\/wp-json\/wp\/v2\/pages\/5"}],"collection":[{"href":"https:\/\/cocahis.irb.hr\/index.php\/wp-json\/wp\/v2\/pages"}],"about":[{"href":"https:\/\/cocahis.irb.hr\/index.php\/wp-json\/wp\/v2\/types\/page"}],"author":[{"embeddable":true,"href":"https:\/\/cocahis.irb.hr\/index.php\/wp-json\/wp\/v2\/users\/1"}],"replies":[{"embeddable":true,"href":"https:\/\/cocahis.irb.hr\/index.php\/wp-json\/wp\/v2\/comments?post=5"}],"version-history":[{"count":10,"href":"https:\/\/cocahis.irb.hr\/index.php\/wp-json\/wp\/v2\/pages\/5\/revisions"}],"predecessor-version":[{"id":63,"href":"https:\/\/cocahis.irb.hr\/index.php\/wp-json\/wp\/v2\/pages\/5\/revisions\/63"}],"wp:attachment":[{"href":"https:\/\/cocahis.irb.hr\/index.php\/wp-json\/wp\/v2\/media?parent=5"}],"curies":[{"name":"wp","href":"https:\/\/api.w.org\/{rel}","templated":true}]}}